{"id":1500,"date":"2024-12-17T18:20:57","date_gmt":"2024-12-17T18:20:57","guid":{"rendered":"https:\/\/mangaanimeblogger.com\/?page_id=1500"},"modified":"2026-03-24T17:13:03","modified_gmt":"2026-03-24T17:13:03","slug":"fanfiction-the-gargoyles-in-roanapur","status":"publish","type":"page","link":"https:\/\/mangaanimeblogger.com\/?page_id=1500","title":{"rendered":"Fanfiction | The Gargoyles in Roanapur"},"content":{"rendered":"\n\n<div class=\"wp-block-kadence-column kadence-column1500_4f0e30-cb\"><div class=\"kt-inside-inner-col\"><\/div><\/div>\n\n\n\n\n<figure class=\"wp-block-image size-full is-resized\"><img loading=\"lazy\" decoding=\"async\" width=\"641\" height=\"175\" src=\"https:\/\/mangaanimeblogger.com\/wp-content\/uploads\/2025\/07\/Screenshot-2024-11-26-at-22-16-21-Wix-Website-Editor-Ashitakas-Shrine-1.png\" alt=\"Ashitaka Shrine anime blog header image\" class=\"wp-image-1859\" style=\"object-fit:cover;width:1101px;height:248px\" srcset=\"https:\/\/mangaanimeblogger.com\/wp-content\/uploads\/2025\/07\/Screenshot-2024-11-26-at-22-16-21-Wix-Website-Editor-Ashitakas-Shrine-1.png 641w, https:\/\/mangaanimeblogger.com\/wp-content\/uploads\/2025\/07\/Screenshot-2024-11-26-at-22-16-21-Wix-Website-Editor-Ashitakas-Shrine-1-300x82.png 300w, https:\/\/mangaanimeblogger.com\/wp-content\/uploads\/2025\/07\/Screenshot-2024-11-26-at-22-16-21-Wix-Website-Editor-Ashitakas-Shrine-1-600x164.png 600w\" sizes=\"auto, (max-width: 641px) 100vw, 641px\" \/><\/figure>\n\n\n<p><span class=\"color_15\">A short fanfiction of mine:<strong> The Gargoyles in Roanapur<\/strong><\/span><\/p>\n<p>\u00a0\u00a0 In this fanfiction, the gargoyles from the popular animated series find themselves in the gritty and dangerous city of Roanapur. As they navigate the criminal underworld, they must use their unique abilities to protect themselves and those they care about. Will they be able to survive in this unforgiving environment, or will they fall victim to the corruption surrounding them?<\/p>\n<h2 class=\"font_2\">The Gargoyles in Roanapur<\/h2>\n<p class=\"font_8\"><strong>Disclaimer<\/strong>: I don\u2019t own any of the characters in my Fanfiction. They belong to their creators. Black Lagoon belongs to mangaka Hiroe Rei, the animated series \u201cGargoyles\u201d to Disney Pictures,the Cthulhu mythos to Howard Phillips Lovecraft.<\/p>\n<p class=\"font_8\">I conceived it, I wrote it, and @medievalotaku.wordpress.com edited it for grammar, punctuation, and clarity. I\u2019m so grateful to Him:)<\/p>\n<p class=\"font_8\">Support me with a Donation, to see a Better one(oc):<\/p>\n<p class=\"font_8\">\u201c \u00a0 \u00a0 \u00a0 \u00a0 Shortly after \u201cEl Baile De La Muerte,\u201d Rock is depressed, in agony, and questions who he really is. At the same time, Xanatos is there. He\u2019s plotting to obtain an ancient grimoire: The Necronomicon (H.P. Lovecraft reference!) to augment the strength of his Steel Clan. The Gargoyles learned of this plan and came on his trail. Utilizing the spells they were taught by Tom the Guardian, they made their quick, safe entry into Roanapur, Thailand. And began flying over Roanapur to learn what kind of place it was. They might have continued concealing themselves from any curious eyes and ears; but Goliath, to defend a lonely old woman, took on some Colombian thugs. \u00a0They were about to torture her grandson&#8211;just for the pleasure of it.<\/p>\n<p class=\"font_8\">\u00a0 \u00a0 \u00a0 \u00a0 One of them gets away, he\u2019s scared to death and screaming about a monster!<\/p>\n<p class=\"font_8\">\u00a0 \u00a0 \u00a0 \u00a0 \u201cSAVE ME FROM THE MONSTER!!\u201d<\/p>\n<p class=\"font_8\">\u00a0 \u00a0 \u00a0 \u00a0 \u201cWas it Roberta?\u201d.<\/p>\n<p class=\"font_8\">\u00a0 \u00a0 \u00a0 \u00a0 \u00a0 \u201cNo Abrego, it wasn\u2019t Roberta! It was a POWERFUL MONSTER! Three meters tall, with dragon-like wings on its shoulders and its eyes were full of fire!!\u201d<\/p>\n<p class=\"font_8\">\u00a0 \u00a0 \u00a0 \u00a0 \u00a0\u00a0 But no one believes him. Yet, the rumors, about a superhuman monster prowling at night, became more widespread throughout Roanapur. Every cartel boss hears about this, and they don&#8217;t believe it:<\/p>\n<p class=\"font_8\">\u00a0 \u00a0 \u00a0 \u00a0 \u00a0 \u201cSo, who cares about a stupid rumor?! There\u2019s no such monster in this world&#8211;in our city. And even if it were, we would kill it off.\u201d<\/p>\n<p class=\"font_8\">\u00a0 \u00a0 \u00a0 \u00a0 \u00a0\u00a0 Soon afterward, gunmen attack Rowan\u2019s Show. The muscle guy Sam Park took four girls as his hostages. So the mercenaries felt really confident they would make it. Suddenly, an immense, wild roar is heard. Goliath, Hudson, and Brooklyn entered and bested the scared thugs, thus saving the girls.<\/p>\n<p class=\"font_8\">Goliath easily knocked down Sam Park. The Gargoyles swiftly fled way, and then the policemen came.<\/p>\n<p class=\"font_8\">\u00a0 \u00a0 \u00a0 \u00a0 \u00a0 \u201cYes, Chief Watsap, the Gargoyles dealt with the terrorists, especially their leader, who defeated the brutes and saved all of us,\u201d Joanna testified to the Police Chief.<\/p>\n<p class=\"font_8\">\u00a0 \u00a0 \u00a0 \u00a0 \u00a0\u00a0 The news spread through Roanapur. Soon Mr. Chang, the local leader of the Triads, heard about this. Amateur artists made drawings of the Gargoyles. Many saw them-the Lagoon Company and Eda too.<\/p>\n<p class=\"font_8\">\u00a0 \u00a0 \u00a0 \u00a0 \u00a0\u00a0 And then came the escalation. Because the gods had noticed the moves and intentions of Xanatos, Zeus, and Athena went to a meeting with their counterparts: Hastur, Fokalor, and Yog Sothoth.<\/p>\n<p class=\"font_8\">\u00a0 \u00a0 \u00a0 \u00a0 \u00a0 \u201cThe baleful knowledge in Necronomicon is about constructing the weapons we used during the Clash of the Titans. Now, an entire network of plunderers comes to usurp it&#8230;not reckoning what kind of fire we are about to play with!\u201d So Zeus said.<\/p>\n<p class=\"font_8\">\u00a0 \u00a0 \u00a0 \u00a0\u00a0 \u201cWe agree,\u201d Hastur, Fokalor, and Yog Sothoth told him. \u201cAnd how will we stop them?\u201d<\/p>\n<p class=\"font_8\">\u00a0 \u00a0 \u00a0 \u00a0 \u00a0 \u201cHastur, you\u2019ve said you\u2019d deploy a human for such cases,\u201d Zeus told him.<\/p>\n<p class=\"font_8\">\u00a0 \u00a0 \u00a0 \u00a0 \u00a0 \u201cCertainly! It just needs my old ones on his good side. They would not reappear on the surface for petty reasons.\u201d<\/p>\n<p class=\"font_8\">\u00a0 \u00a0 \u00a0 \u00a0 \u201cVery well, Menes will awake with all the acolytes and soldiers for such a venture,\u201d Zeus and Athena concluded.<\/p>\n<p class=\"font_8\">\u00a0 \u00a0 \u00a0 \u00a0 \u201cThanks for your generous offer,\u201d Hastur remarked. So he turned and said: \u201cFokalor, go to Earth and notify your prot\u00e9g\u00e9es, the Gargoyles, and the Ghouls, about our will. You, Yog Sothoth, find Menes and wake up his genuine memories so he will march for the cause. He\u2019s been dormant: now he is to awake.\u201d<\/p>\n<p class=\"font_8\">\u00a0 \u00a0 \u00a0 \u00a0 Then swiftly Fokalor journeyed to earth and talked to his prot\u00e9g\u00e9es. Sekhmet talked to her prot\u00e9g\u00e9es too: The Liondsweh, namely, the Lion men, who were hidden for many millennia and now dwell in caverns, away from human perception. Now, it was their time to resurface and join in the risk.<\/p>\n<p class=\"font_8\">\u00a0 \u00a0 \u00a0\u00a0 And we hear: \u201cY\u2019AI\u2019NG\u2019NG AH YOG-SOTHOTH H\u2019EE-L\u2019GEB F\u2019AI THRODOG UAAAH!\u201d<\/p>\n<p class=\"font_8\">\u00a0 \u00a0 \u00a0\u00a0 Yog Sothoth found Rokuro \u201cRock\u201d Okajima dispersed his fake memories, and wakened his True ones: he\u2019s the Sumerian magical fighter Menes and the kin of the hero Gilgamesh! He had been born in prehistoric Iraq in 3099 B.C. The priesthood of Ur was saved from certain assassination, thanks to the time portal, and he traveled into the future. Once he arrived, he was disguised as an ordinary Japanese young man of the mid 90\u2019s&#8211;even with a forged past, so no one would ever question who he really was\u201d.<\/p>\n<p class=\"font_8\">Here it stops. Cause I\u2019m inclined to create a Story, with Original Characters(oc). If you like to see the Story(with oc)and finish just support it, hit the Donation Button, and leave one. A Donation<\/p>\n<p class=\"font_8\"><a>https:\/\/www.tumblr.com\/ashitakaxsan\/652866443285856256\/the-gargoyles-in-roanapur-disclaimeri-dont-own?source=share<\/a><\/p>","protected":false},"excerpt":{"rendered":"<p>A short fanfiction of mine: The Gargoyles in Roanapur \u00a0\u00a0 In this fanfiction, the gargoyles from the popular animated series find themselves in the gritty and dangerous city of Roanapur. As they navigate the criminal underworld, they must use their unique abilities to protect themselves and those they care about. Will they be able to&#8230;<\/p>\n","protected":false},"author":1,"featured_media":0,"parent":0,"menu_order":0,"comment_status":"open","ping_status":"closed","template":"","meta":{"_kad_post_transparent":"disable","_kad_post_title":"show","_kad_post_layout":"right","_kad_post_sidebar_id":"","_kad_post_content_style":"unboxed","_kad_post_vertical_padding":"","_kad_post_feature":"hide","_kad_post_feature_position":"","_kad_post_header":false,"_kad_post_footer":false,"_kad_post_classname":"","footnotes":""},"class_list":["post-1500","page","type-page","status-publish","hentry"],"_links":{"self":[{"href":"https:\/\/mangaanimeblogger.com\/index.php?rest_route=\/wp\/v2\/pages\/1500","targetHints":{"allow":["GET"]}}],"collection":[{"href":"https:\/\/mangaanimeblogger.com\/index.php?rest_route=\/wp\/v2\/pages"}],"about":[{"href":"https:\/\/mangaanimeblogger.com\/index.php?rest_route=\/wp\/v2\/types\/page"}],"author":[{"embeddable":true,"href":"https:\/\/mangaanimeblogger.com\/index.php?rest_route=\/wp\/v2\/users\/1"}],"replies":[{"embeddable":true,"href":"https:\/\/mangaanimeblogger.com\/index.php?rest_route=%2Fwp%2Fv2%2Fcomments&post=1500"}],"version-history":[{"count":5,"href":"https:\/\/mangaanimeblogger.com\/index.php?rest_route=\/wp\/v2\/pages\/1500\/revisions"}],"predecessor-version":[{"id":2609,"href":"https:\/\/mangaanimeblogger.com\/index.php?rest_route=\/wp\/v2\/pages\/1500\/revisions\/2609"}],"wp:attachment":[{"href":"https:\/\/mangaanimeblogger.com\/index.php?rest_route=%2Fwp%2Fv2%2Fmedia&parent=1500"}],"curies":[{"name":"wp","href":"https:\/\/api.w.org\/{rel}","templated":true}]}}